{"id":1473,"date":"2022-05-10T15:34:34","date_gmt":"2022-05-10T15:34:34","guid":{"rendered":"https:\/\/dened.eu\/?page_id=1473"},"modified":"2022-09-02T08:32:10","modified_gmt":"2022-09-02T08:32:10","slug":"bim","status":"publish","type":"page","link":"https:\/\/dened.eu\/?page_id=1473","title":{"rendered":"BIM"},"content":{"rendered":"\t\t<div data-elementor-type=\"wp-page\" data-elementor-id=\"1473\" class=\"elementor elementor-1473\" data-elementor-post-type=\"page\">\n\t\t\t\t\t\t<section class=\"elementor-section elementor-top-section elementor-element elementor-element-8cc525a elementor-section-full_width elementor-section-height-default elementor-section-height-default\" data-id=\"8cc525a\" data-element_type=\"section\" data-e-type=\"section\">\n\t\t\t\t\t\t<div class=\"elementor-container elementor-column-gap-no\">\n\t\t\t\t\t<div class=\"elementor-column elementor-col-100 elementor-top-column elementor-element elementor-element-d179aba\" data-id=\"d179aba\" data-element_type=\"column\" data-e-type=\"column\">\n\t\t\t<div class=\"elementor-widget-wrap elementor-element-populated\">\n\t\t\t\t\t\t<div class=\"elementor-element elementor-element-85d0be9 elementor-widget elementor-widget-spacer\" data-id=\"85d0be9\" data-element_type=\"widget\" data-e-type=\"widget\" data-widget_type=\"spacer.default\">\n\t\t\t\t<div class=\"elementor-widget-container\">\n\t\t\t\t\t\t\t<div class=\"elementor-spacer\">\n\t\t\t<div class=\"elementor-spacer-inner\"><\/div>\n\t\t<\/div>\n\t\t\t\t\t\t<\/div>\n\t\t\t\t<\/div>\n\t\t\t\t<div class=\"elementor-element elementor-element-6ffef45 elementor-widget elementor-widget-larson-heading\" data-id=\"6ffef45\" data-element_type=\"widget\" data-e-type=\"widget\" data-widget_type=\"larson-heading.default\">\n\t\t\t\t<div class=\"elementor-widget-container\">\n\t\t\t\t\t\n\t\t<section class=\"webpage__about-heading about-block\">\n          <div class=\"about-block__inner container\">\n                        <header class=\"about-block__header\" data-aos=\"fade\">\n              <h2 class=\"about-block__heading heading\">\n              \t<span >\n\t\t\t\t\tBIM - Building Information Modeling\t\t\t\t<\/span>\n              <\/h2>\n            <\/header>\n                      <\/div>\n        <\/section>\n\n\t\t\t\t\t\t<\/div>\n\t\t\t\t<\/div>\n\t\t\t\t<div class=\"elementor-element elementor-element-f503021 elementor-widget elementor-widget-larson-services-list\" data-id=\"f503021\" data-element_type=\"widget\" data-e-type=\"widget\" data-widget_type=\"larson-services-list.default\">\n\t\t\t\t<div class=\"elementor-widget-container\">\n\t\t\t\t\t\t\t\n\t\t<div class=\"article__main container\">\n                    <section class=\"services-list\">\n          \t            <div class=\"services-list__item service-card\" data-aos=\"fade\">\n              <div class=\"service-card__inner\">\n                <div class=\"service-card__left\">\n                                    <div class=\"service-card__text\">\n                  \t<div >\n\t\t\t\t\t\t<p>Sie wollen BIM f\u00fcr Ihr Projekt nutzen, wissen aber nicht wie es funktioniert? Wir beraten Sie in der gesamten BIM-Thematik und unterst\u00fctzen Sie bei der Planung Ihres Projektes.<\/p>\t\t\t\t\t<\/div>\n                  <\/div>\n                  \t\t\t\t                    <div class=\"num\">\n                  \t<span >\n\t\t\t\t\t\t01\t\t\t\t\t<\/span>\n                  <\/div>\n                                  <\/div>\n                <div class=\"service-card__right\">\n                                    <img decoding=\"async\" src=\"https:\/\/dened.eu\/wp-content\/uploads\/2022\/05\/consulting-gd73703f6d_1920.jpg\" alt=\"\" \/>\n                                    <div class=\"service-card__detail\">\n                                        <div class=\"service-card__tags\">\n                    \t<span >\n\t\t\t\t\t\t\tBuilding Information Modeling\t\t\t\t\t\t<\/span>\n                    <\/div>\n                                                            <h2 class=\"service-card__heading\">\n                    \t<span >\n\t\t\t\t\t\t\tBIM-Beratung\t\t\t\t\t\t<\/span>\n                    <\/h2>\n                                                            <a href=\"https:\/\/dened.eu\/?page_id=1923\" class=\"service-card__link\">\n                      <span >\n\t\t\t\t\t\tMehr erfahren\t\t\t\t\t  <\/span>\n                      <svg width=\"20\" height=\"20\">\n                        <use xlink:href=\"#chevron-right\"><\/use>\n                      <\/svg>\n                    <\/a>\n                                      <\/div>\n                <\/div>\n              <\/div>\n            <\/div>\n                        <div class=\"services-list__item service-card service-card--reverse\" data-aos=\"fade\">\n              <div class=\"service-card__inner\">\n                <div class=\"service-card__left\">\n                                    <div class=\"service-card__text\">\n                  \t<div >\n\t\t\t\t\t\t<p>Durch die jahrelange Expertise, k\u00f6nnen unsere BIM-Manager Sie in dem gesamten BIM-Prozess unterst\u00fctzen.\u00a0Wir organisieren die n\u00f6tigen Management-Prozesse, beraten Sie in der Erstellung der AIA (Auftraggeberinformationsanforderungen), organisieren und leiten die BIM-Kickoffs und pr\u00fcfen die Qualit\u00e4tssicherungsma\u00dfnahmen.<\/p><p>\u00a0<\/p>\t\t\t\t\t<\/div>\n                  <\/div>\n                  \t\t\t\t                    <div class=\"num\">\n                  \t<span >\n\t\t\t\t\t\t02\t\t\t\t\t<\/span>\n                  <\/div>\n                                  <\/div>\n                <div class=\"service-card__right\">\n                                    <img decoding=\"async\" src=\"https:\/\/dened.eu\/wp-content\/uploads\/2022\/05\/pexels-pixabay-416405-1920x1200.jpg\" alt=\"\" \/>\n                                    <div class=\"service-card__detail\">\n                                        <div class=\"service-card__tags\">\n                    \t<span >\n\t\t\t\t\t\t\tBuilding Information Modeling\t\t\t\t\t\t<\/span>\n                    <\/div>\n                                                            <h2 class=\"service-card__heading\">\n                    \t<span >\n\t\t\t\t\t\t\tBIM-Management\t\t\t\t\t\t<\/span>\n                    <\/h2>\n                                                            <a href=\"https:\/\/dened.eu\/?page_id=1930\" class=\"service-card__link\">\n                      <span >\n\t\t\t\t\t\tMehr erfahren\t\t\t\t\t  <\/span>\n                      <svg width=\"20\" height=\"20\">\n                        <use xlink:href=\"#chevron-right\"><\/use>\n                      <\/svg>\n                    <\/a>\n                                      <\/div>\n                <\/div>\n              <\/div>\n            <\/div>\n                        <div class=\"services-list__item service-card\" data-aos=\"fade\">\n              <div class=\"service-card__inner\">\n                <div class=\"service-card__left\">\n                                    <div class=\"service-card__text\">\n                  \t<div >\n\t\t\t\t\t\t<p class=\"m-size-16\"><span class=\"m-font-size-16\">Wir sorgen f\u00fcr die Einhaltung der Projektrichtlinien und Anforderungen der BAP.<\/span><\/p><p class=\"m-size-16\"><span class=\"m-font-size-16\">\u00dcberlassen Sie uns die Koordination der internen Anforderungen mit den Projektbed\u00fcrfnissen. Wir sorgen f\u00fcr Durchg\u00e4ngigkeit der Fachmodelle und sorgen f\u00fcr die Qualit\u00e4tssicherung aller Daten vor Freigabe.<\/span><\/p>\t\t\t\t\t<\/div>\n                  <\/div>\n                  \t\t\t\t                    <div class=\"num\">\n                  \t<span >\n\t\t\t\t\t\t03\t\t\t\t\t<\/span>\n                  <\/div>\n                                  <\/div>\n                <div class=\"service-card__right\">\n                                    <img decoding=\"async\" src=\"https:\/\/dened.eu\/wp-content\/uploads\/2022\/05\/woman-ga7ad1f6d2_1920.jpg\" alt=\"\" \/>\n                                    <div class=\"service-card__detail\">\n                                        <div class=\"service-card__tags\">\n                    \t<span >\n\t\t\t\t\t\t\tBuilding Information Modeling\t\t\t\t\t\t<\/span>\n                    <\/div>\n                                                            <h2 class=\"service-card__heading\">\n                    \t<span >\n\t\t\t\t\t\t\tBIM-Koordination\t\t\t\t\t\t<\/span>\n                    <\/h2>\n                                                            <a href=\"https:\/\/dened.eu\/?page_id=1931\" class=\"service-card__link\">\n                      <span >\n\t\t\t\t\t\tMehr erfahren\t\t\t\t\t  <\/span>\n                      <svg width=\"20\" height=\"20\">\n                        <use xlink:href=\"#chevron-right\"><\/use>\n                      <\/svg>\n                    <\/a>\n                                      <\/div>\n                <\/div>\n              <\/div>\n            <\/div>\n                        <div class=\"services-list__item service-card service-card--reverse\" data-aos=\"fade\">\n              <div class=\"service-card__inner\">\n                <div class=\"service-card__left\">\n                                    <div class=\"service-card__text\">\n                  \t<div >\n\t\t\t\t\t\t<p>Unser Team besteht aus BIM-Modellierern die mehrere Jahre Erfahrung in 3D-Modeling mit unterschiedlichen Softwareprogrammen besitzen und stets saubere und durchg\u00e4ngige BIM-Modelle bauen. Unsere gut durchdachte Herangehensweise erm\u00f6glicht die Entstehung eines fehlerfreien BIM-Informationsgesamtmodell.<\/p><p>\u00a0<\/p>\t\t\t\t\t<\/div>\n                  <\/div>\n                  \t\t\t\t                    <div class=\"num\">\n                  \t<span >\n\t\t\t\t\t\t04\t\t\t\t\t<\/span>\n                  <\/div>\n                                  <\/div>\n                <div class=\"service-card__right\">\n                                    <img decoding=\"async\" src=\"https:\/\/dened.eu\/wp-content\/uploads\/2022\/05\/DENED-01-page-001.jpg\" alt=\"\" \/>\n                                    <div class=\"service-card__detail\">\n                                        <div class=\"service-card__tags\">\n                    \t<span >\n\t\t\t\t\t\t\tBuilding Information Modeling\t\t\t\t\t\t<\/span>\n                    <\/div>\n                                                            <h2 class=\"service-card__heading\">\n                    \t<span >\n\t\t\t\t\t\t\tBIM-Modellierung\t\t\t\t\t\t<\/span>\n                    <\/h2>\n                                                            <a href=\"https:\/\/dened.eu\/?page_id=1932\" class=\"service-card__link\">\n                      <span >\n\t\t\t\t\t\tMehr erfahren\t\t\t\t\t  <\/span>\n                      <svg width=\"20\" height=\"20\">\n                        <use xlink:href=\"#chevron-right\"><\/use>\n                      <\/svg>\n                    <\/a>\n                                      <\/div>\n                <\/div>\n              <\/div>\n            <\/div>\n                        <div class=\"services-list__item service-card\" data-aos=\"fade\">\n              <div class=\"service-card__inner\">\n                <div class=\"service-card__left\">\n                                    <div class=\"service-card__text\">\n                  \t<div >\n\t\t\t\t\t\t<p>Damit auch nach der Fertigstellung des Projekts alles rund l\u00e4uft, leiten wir die \u00dcberf\u00fchrung in das Computer Aided Facility Management (CAFM).<\/p><p>Diese Software hilft Facility Managern bei der Betreuung der neuen Immobilie.<\/p>\t\t\t\t\t<\/div>\n                  <\/div>\n                  \t\t\t\t                    <div class=\"num\">\n                  \t<span >\n\t\t\t\t\t\t05\t\t\t\t\t<\/span>\n                  <\/div>\n                                  <\/div>\n                <div class=\"service-card__right\">\n                                    <img decoding=\"async\" src=\"https:\/\/dened.eu\/wp-content\/uploads\/2022\/05\/Altas-Theater-BIM.jpg\" alt=\"\" \/>\n                                    <div class=\"service-card__detail\">\n                                        <div class=\"service-card__tags\">\n                    \t<span >\n\t\t\t\t\t\t\tComputer Aided Facility Management\t\t\t\t\t\t<\/span>\n                    <\/div>\n                                                            <h2 class=\"service-card__heading\">\n                    \t<span >\n\t\t\t\t\t\t\tCAFM-\u00dcberf\u00fchrung\t\t\t\t\t\t<\/span>\n                    <\/h2>\n                                                            <a href=\"https:\/\/dened.eu\/?page_id=1933\" class=\"service-card__link\">\n                      <span >\n\t\t\t\t\t\tMehr erfahren\t\t\t\t\t  <\/span>\n                      <svg width=\"20\" height=\"20\">\n                        <use xlink:href=\"#chevron-right\"><\/use>\n                      <\/svg>\n                    <\/a>\n                                      <\/div>\n                <\/div>\n              <\/div>\n            <\/div>\n                      <\/section>\n                  <\/div>\n\n\t\t\t\t\t\t<\/div>\n\t\t\t\t<\/div>\n\t\t\t\t\t<\/div>\n\t\t<\/div>\n\t\t\t\t\t<\/div>\n\t\t<\/section>\n\t\t\t\t<\/div>\n\t\t","protected":false},"excerpt":{"rendered":"<p>BIM &#8211; Building Information Modeling Sie wollen BIM f\u00fcr Ihr Projekt nutzen, wissen aber nicht wie es funktioniert? Wir beraten Sie in der gesamten BIM-Thematik und unterst\u00fctzen Sie bei der Planung Ihres Projektes. 01 Building Information Modeling BIM-Beratung Mehr erfahren Durch die jahrelange Expertise, k\u00f6nnen unsere BIM-Manager Sie in dem&#8230; <\/p>\n<div class=\"readmore\"><a href=\"https:\/\/dened.eu\/?page_id=1473\" class=\"btn-link\">Read more<\/a><\/div>\n","protected":false},"author":1,"featured_media":0,"parent":0,"menu_order":0,"comment_status":"closed","ping_status":"closed","template":"elementor_header_footer","meta":{"_monsterinsights_skip_tracking":false,"_monsterinsights_sitenote_active":false,"_monsterinsights_sitenote_note":"","_monsterinsights_sitenote_category":0,"footnotes":""},"class_list":["post-1473","page","type-page","status-publish","hentry"],"acf":[],"_links":{"self":[{"href":"https:\/\/dened.eu\/index.php?rest_route=\/wp\/v2\/pages\/1473","targetHints":{"allow":["GET"]}}],"collection":[{"href":"https:\/\/dened.eu\/index.php?rest_route=\/wp\/v2\/pages"}],"about":[{"href":"https:\/\/dened.eu\/index.php?rest_route=\/wp\/v2\/types\/page"}],"author":[{"embeddable":true,"href":"https:\/\/dened.eu\/index.php?rest_route=\/wp\/v2\/users\/1"}],"replies":[{"embeddable":true,"href":"https:\/\/dened.eu\/index.php?rest_route=%2Fwp%2Fv2%2Fcomments&post=1473"}],"version-history":[{"count":37,"href":"https:\/\/dened.eu\/index.php?rest_route=\/wp\/v2\/pages\/1473\/revisions"}],"predecessor-version":[{"id":2257,"href":"https:\/\/dened.eu\/index.php?rest_route=\/wp\/v2\/pages\/1473\/revisions\/2257"}],"wp:attachment":[{"href":"https:\/\/dened.eu\/index.php?rest_route=%2Fwp%2Fv2%2Fmedia&parent=1473"}],"curies":[{"name":"wp","href":"https:\/\/api.w.org\/{rel}","templated":true}]}}