{"id":1476,"date":"2022-05-10T15:35:01","date_gmt":"2022-05-10T15:35:01","guid":{"rendered":"https:\/\/dened.eu\/?page_id=1476"},"modified":"2022-09-20T10:29:37","modified_gmt":"2022-09-20T10:29:37","slug":"projekte","status":"publish","type":"page","link":"https:\/\/dened.eu\/?page_id=1476","title":{"rendered":"Projekte"},"content":{"rendered":"\t\t<div data-elementor-type=\"wp-page\" data-elementor-id=\"1476\" class=\"elementor elementor-1476\" data-elementor-post-type=\"page\">\n\t\t\t\t\t\t<section class=\"elementor-section elementor-top-section elementor-element elementor-element-3262897 elementor-section-full_width elementor-section-height-default elementor-section-height-default\" data-id=\"3262897\" data-element_type=\"section\" data-e-type=\"section\">\n\t\t\t\t\t\t<div class=\"elementor-container elementor-column-gap-no\">\n\t\t\t\t\t<div class=\"elementor-column elementor-col-100 elementor-top-column elementor-element elementor-element-ae9d6c5\" data-id=\"ae9d6c5\" data-element_type=\"column\" data-e-type=\"column\">\n\t\t\t<div class=\"elementor-widget-wrap elementor-element-populated\">\n\t\t\t\t\t\t<div class=\"elementor-element elementor-element-5626936 elementor-widget elementor-widget-spacer\" data-id=\"5626936\" data-element_type=\"widget\" data-e-type=\"widget\" data-widget_type=\"spacer.default\">\n\t\t\t\t<div class=\"elementor-widget-container\">\n\t\t\t\t\t\t\t<div class=\"elementor-spacer\">\n\t\t\t<div class=\"elementor-spacer-inner\"><\/div>\n\t\t<\/div>\n\t\t\t\t\t\t<\/div>\n\t\t\t\t<\/div>\n\t\t\t\t<div class=\"elementor-element elementor-element-f391ffb elementor-widget elementor-widget-larson-services-list\" data-id=\"f391ffb\" data-element_type=\"widget\" data-e-type=\"widget\" data-widget_type=\"larson-services-list.default\">\n\t\t\t\t<div class=\"elementor-widget-container\">\n\t\t\t\t\t\t\t\n\t\t<div class=\"article__main container\">\n                    <section class=\"services-list\">\n          \t            <div class=\"services-list__item service-card\" data-aos=\"fade\">\n              <div class=\"service-card__inner\">\n                <div class=\"service-card__left\">\n                                    <div class=\"service-card__text\">\n                  \t<div >\n\t\t\t\t\t\t<p>Schulbauten sind mehr als nur funktionale Bauten. Sie sind ein wichtiger Baustein des Stadtgef\u00fcges und als solcher bilden sie eine unverwechselbare Typologie in der Stadt.<\/p>\t\t\t\t\t<\/div>\n                  <\/div>\n                  \t\t\t\t                  <\/div>\n                <div class=\"service-card__right\">\n                                    <img decoding=\"async\" src=\"https:\/\/dened.eu\/wp-content\/uploads\/2022\/05\/Schule-Severinswall_Aula-1920x1358.jpg\" alt=\"\" \/>\n                                    <div class=\"service-card__detail\">\n                                                            <h2 class=\"service-card__heading\">\n                    \t<span >\n\t\t\t\t\t\t\tGesamtschule Severinswall K\u00f6ln\t\t\t\t\t\t<\/span>\n                    <\/h2>\n                                                            <a href=\"https:\/\/dened.eu\/?portfolio=gesammtschule-severinswall-koeln\" class=\"service-card__link\">\n                      <span >\n\t\t\t\t\t\t\u00dcber das Projekt\t\t\t\t\t  <\/span>\n                      <svg width=\"20\" height=\"20\">\n                        <use xlink:href=\"#chevron-right\"><\/use>\n                      <\/svg>\n                    <\/a>\n                                      <\/div>\n                <\/div>\n              <\/div>\n            <\/div>\n                        <div class=\"services-list__item service-card service-card--reverse\" data-aos=\"fade\">\n              <div class=\"service-card__inner\">\n                <div class=\"service-card__left\">\n                                    <div class=\"service-card__text\">\n                  \t<div >\n\t\t\t\t\t\t<div class=\"page\" title=\"Page 1\"><div class=\"layoutArea\"><div class=\"column\"><p>Erichtung einer Mehrzweckhale in nachhaltiger Holzbauweise an der KGS Don-Bosco-Schule, Eschweiler.<\/p><\/div><\/div><\/div>\t\t\t\t\t<\/div>\n                  <\/div>\n                  \t\t\t\t                  <\/div>\n                <div class=\"service-card__right\">\n                                    <img decoding=\"async\" src=\"https:\/\/dened.eu\/wp-content\/uploads\/2022\/06\/Don-Bosco-01.jpg\" alt=\"\" \/>\n                                    <div class=\"service-card__detail\">\n                                                            <h2 class=\"service-card__heading\">\n                    \t<span >\n\t\t\t\t\t\t\tKGS Don-Bosco-Schule Eschweiler\t\t\t\t\t\t<\/span>\n                    <\/h2>\n                                                            <a href=\"https:\/\/dened.eu\/?portfolio=kgs-don-bosco-schule-eschweiler\" class=\"service-card__link\">\n                      <span >\n\t\t\t\t\t\t\u00dcber das Projekt\t\t\t\t\t  <\/span>\n                      <svg width=\"20\" height=\"20\">\n                        <use xlink:href=\"#chevron-right\"><\/use>\n                      <\/svg>\n                    <\/a>\n                                      <\/div>\n                <\/div>\n              <\/div>\n            <\/div>\n                        <div class=\"services-list__item service-card\" data-aos=\"fade\">\n              <div class=\"service-card__inner\">\n                <div class=\"service-card__left\">\n                                    <div class=\"service-card__text\">\n                  \t<div >\n\t\t\t\t\t\t<p>Das Theater zeigt den markanten \u00dcbergang zwischen dem Platz und dem Park in einer starken Geste. Ein besonderes Merkmal des Geb\u00e4udes ist das geschwungene Dach.\u00a0<\/p>\t\t\t\t\t<\/div>\n                  <\/div>\n                  \t\t\t\t                  <\/div>\n                <div class=\"service-card__right\">\n                                    <img decoding=\"async\" src=\"https:\/\/dened.eu\/wp-content\/uploads\/2022\/05\/Atlas22mrt-043-small-onbewerkt-2.jpg\" alt=\"\" \/>\n                                    <div class=\"service-card__detail\">\n                                                            <h2 class=\"service-card__heading\">\n                    \t<span >\n\t\t\t\t\t\t\tAtlas Theater Emmen\t\t\t\t\t\t<\/span>\n                    <\/h2>\n                                                            <a href=\"https:\/\/dened.eu\/?portfolio=atlas-theater-emmen\" class=\"service-card__link\">\n                      <span >\n\t\t\t\t\t\t\u00dcber das Projekt\t\t\t\t\t  <\/span>\n                      <svg width=\"20\" height=\"20\">\n                        <use xlink:href=\"#chevron-right\"><\/use>\n                      <\/svg>\n                    <\/a>\n                                      <\/div>\n                <\/div>\n              <\/div>\n            <\/div>\n                        <div class=\"services-list__item service-card service-card--reverse\" data-aos=\"fade\">\n              <div class=\"service-card__inner\">\n                <div class=\"service-card__left\">\n                                    <div class=\"service-card__text\">\n                  \t<div >\n\t\t\t\t\t\t<p>Der BunkerTower wurde auf eine bestehende und sanierte Bunkeranlage gebaut und um einen 100 m hohen Wohnturm mit 32-Stockwerken erweitert. Damit ist der BunkerTower ein wichtiger Bestandteil der Skyline von Eindhoven.<\/p>\t\t\t\t\t<\/div>\n                  <\/div>\n                  \t\t\t\t                  <\/div>\n                <div class=\"service-card__right\">\n                                    <img decoding=\"async\" src=\"https:\/\/dened.eu\/wp-content\/uploads\/2022\/09\/Bunkertoren-01-1920x1280.jpg\" alt=\"\" \/>\n                                    <div class=\"service-card__detail\">\n                                                            <h2 class=\"service-card__heading\">\n                    \t<span >\n\t\t\t\t\t\t\tBunkerTower Eindhoven\t\t\t\t\t\t<\/span>\n                    <\/h2>\n                                                            <a href=\"https:\/\/dened.eu\/?portfolio=bunkertower-eindhoven\" class=\"service-card__link\">\n                      <span >\n\t\t\t\t\t\t\u00dcber das Projekt\t\t\t\t\t  <\/span>\n                      <svg width=\"20\" height=\"20\">\n                        <use xlink:href=\"#chevron-right\"><\/use>\n                      <\/svg>\n                    <\/a>\n                                      <\/div>\n                <\/div>\n              <\/div>\n            <\/div>\n                        <div class=\"services-list__item service-card\" data-aos=\"fade\">\n              <div class=\"service-card__inner\">\n                <div class=\"service-card__left\">\n                                    <div class=\"service-card__text\">\n                  \t<div >\n\t\t\t\t\t\t<p><span class=\"m-font-size-14\">Im Zeitraum von August 2018 bis einschlie\u00dflich April 2020 haben wir das Projekt Kade Zuid in Zutphen mit 150 neu gebaute Wohnungen geplant, sowie die Ausf\u00fchrung begleitet.<\/span><\/p>\t\t\t\t\t<\/div>\n                  <\/div>\n                  \t\t\t\t                  <\/div>\n                <div class=\"service-card__right\">\n                                    <img decoding=\"async\" src=\"https:\/\/dened.eu\/wp-content\/uploads\/2022\/05\/Kade-Zuid-high-res.jpg\" alt=\"\" \/>\n                                    <div class=\"service-card__detail\">\n                                                            <h2 class=\"service-card__heading\">\n                    \t<span >\n\t\t\t\t\t\t\tKade Zuid Zutphen\t\t\t\t\t\t<\/span>\n                    <\/h2>\n                                                            <a href=\"https:\/\/dened.eu\/?portfolio=kade-zuid-zutphen\" class=\"service-card__link\">\n                      <span >\n\t\t\t\t\t\t\u00dcber das Projekt\t\t\t\t\t  <\/span>\n                      <svg width=\"20\" height=\"20\">\n                        <use xlink:href=\"#chevron-right\"><\/use>\n                      <\/svg>\n                    <\/a>\n                                      <\/div>\n                <\/div>\n              <\/div>\n            <\/div>\n                        <div class=\"services-list__item service-card service-card--reverse\" data-aos=\"fade\">\n              <div class=\"service-card__inner\">\n                <div class=\"service-card__left\">\n                                    <div class=\"service-card__text\">\n                  \t<div >\n\t\t\t\t\t\t<p class=\"m-size-16\">Das nhow Amsterdam RAI Hotel mit seinem auff\u00e4lligen Design ist mit 650 Zimmern das gr\u00f6\u00dfte, neugebaute Hotel in den Benelux-L\u00e4ndern und wurde Ende 2019 fertiggestellt.<\/p>\t\t\t\t\t<\/div>\n                  <\/div>\n                  \t\t\t\t                  <\/div>\n                <div class=\"service-card__right\">\n                                    <img decoding=\"async\" src=\"https:\/\/dened.eu\/wp-content\/uploads\/2022\/05\/JIB0152.jpg\" alt=\"\" \/>\n                                    <div class=\"service-card__detail\">\n                                                            <h2 class=\"service-card__heading\">\n                    \t<span >\n\t\t\t\t\t\t\tRAI Hotel Amsterdam\t\t\t\t\t\t<\/span>\n                    <\/h2>\n                                                            <a href=\"https:\/\/dened.eu\/?portfolio=rai-hotel-amsterdam\" class=\"service-card__link\">\n                      <span >\n\t\t\t\t\t\t\u00dcber das Projekt\t\t\t\t\t  <\/span>\n                      <svg width=\"20\" height=\"20\">\n                        <use xlink:href=\"#chevron-right\"><\/use>\n                      <\/svg>\n                    <\/a>\n                                      <\/div>\n                <\/div>\n              <\/div>\n            <\/div>\n                        <div class=\"services-list__item service-card\" data-aos=\"fade\">\n              <div class=\"service-card__inner\">\n                <div class=\"service-card__left\">\n                                    <div class=\"service-card__text\">\n                  \t<div >\n\t\t\t\t\t\t<p>Bei der VTI-Br\u00fcgge handelt es sich um einen Neubau einer weiterbildenden Schule f\u00fcr Naturwissenschaften und Technik.<\/p>\t\t\t\t\t<\/div>\n                  <\/div>\n                  \t\t\t\t                  <\/div>\n                <div class=\"service-card__right\">\n                                    <img decoding=\"async\" src=\"https:\/\/dened.eu\/wp-content\/uploads\/2022\/06\/VTI-01.jpg\" alt=\"\" \/>\n                                    <div class=\"service-card__detail\">\n                                                            <h2 class=\"service-card__heading\">\n                    \t<span >\n\t\t\t\t\t\t\tVTI Br\u00fcgge\t\t\t\t\t\t<\/span>\n                    <\/h2>\n                                                            <a href=\"https:\/\/dened.eu\/?portfolio=vti-bruegge\" class=\"service-card__link\">\n                      <span >\n\t\t\t\t\t\t\u00dcber das Projekt\t\t\t\t\t  <\/span>\n                      <svg width=\"20\" height=\"20\">\n                        <use xlink:href=\"#chevron-right\"><\/use>\n                      <\/svg>\n                    <\/a>\n                                      <\/div>\n                <\/div>\n              <\/div>\n            <\/div>\n                        <div class=\"services-list__item service-card service-card--reverse\" data-aos=\"fade\">\n              <div class=\"service-card__inner\">\n                <div class=\"service-card__left\">\n                                    <div class=\"service-card__text\">\n                  \t<div >\n\t\t\t\t\t\t<p>Valley tr\u00e4gt zu dem Wunsch der Gemeinde bei, Zuidas zu einem gemischten Stadtviertel f\u00fcr Wohnen, Arbeiten und Freizeit zu entwickeln.\u00a0<\/p>\t\t\t\t\t<\/div>\n                  <\/div>\n                  \t\t\t\t                  <\/div>\n                <div class=\"service-card__right\">\n                                    <img decoding=\"async\" src=\"https:\/\/dened.eu\/wp-content\/uploads\/2022\/05\/RK1803.jpg\" alt=\"\" \/>\n                                    <div class=\"service-card__detail\">\n                                                            <h2 class=\"service-card__heading\">\n                    \t<span >\n\t\t\t\t\t\t\tThe Valley Amsterdam\t\t\t\t\t\t<\/span>\n                    <\/h2>\n                                                            <a href=\"https:\/\/dened.eu\/?portfolio=the-valley-amsterdam\" class=\"service-card__link\">\n                      <span >\n\t\t\t\t\t\t\u00dcber das Projekt\t\t\t\t\t  <\/span>\n                      <svg width=\"20\" height=\"20\">\n                        <use xlink:href=\"#chevron-right\"><\/use>\n                      <\/svg>\n                    <\/a>\n                                      <\/div>\n                <\/div>\n              <\/div>\n            <\/div>\n                        <div class=\"services-list__item service-card\" data-aos=\"fade\">\n              <div class=\"service-card__inner\">\n                <div class=\"service-card__left\">\n                                    <div class=\"service-card__text\">\n                  \t<div >\n\t\t\t\t\t\t<p>TOON Utrecht ist ein neues Wohngeb\u00e4ude in Utrecht Leidsche Rijn, direkt neben dem Bahnhof Utrecht Terwijde und gegen\u00fcber dem Einkaufszentrum.<\/p>\t\t\t\t\t<\/div>\n                  <\/div>\n                  \t\t\t\t                  <\/div>\n                <div class=\"service-card__right\">\n                                    <img decoding=\"async\" src=\"https:\/\/dened.eu\/wp-content\/uploads\/2022\/05\/Walter-Frisart-FOTOwerk_810_8035_1920px72dpix75-4.jpg\" alt=\"\" \/>\n                                    <div class=\"service-card__detail\">\n                                                            <h2 class=\"service-card__heading\">\n                    \t<span >\n\t\t\t\t\t\t\tTOON Terwijde Utrecht\t\t\t\t\t\t<\/span>\n                    <\/h2>\n                                                            <a href=\"https:\/\/dened.eu\/?portfolio=toon-terwijde-utrecht\" class=\"service-card__link\">\n                      <span >\n\t\t\t\t\t\t\u00dcber das Projekt\t\t\t\t\t  <\/span>\n                      <svg width=\"20\" height=\"20\">\n                        <use xlink:href=\"#chevron-right\"><\/use>\n                      <\/svg>\n                    <\/a>\n                                      <\/div>\n                <\/div>\n              <\/div>\n            <\/div>\n                        <div class=\"services-list__item service-card service-card--reverse\" data-aos=\"fade\">\n              <div class=\"service-card__inner\">\n                <div class=\"service-card__left\">\n                                    <div class=\"service-card__text\">\n                  \t<div >\n\t\t\t\t\t\t<p>Ziel ist es, der prominenten Ecke in der N\u00e4he des Besuchereingangs ein neues, besonderes Gesicht zu geben. Gleichzeitig bietet es die M\u00f6glichkeit, das Herz der Schule zu st\u00e4rken.<\/p>\t\t\t\t\t<\/div>\n                  <\/div>\n                  \t\t\t\t                  <\/div>\n                <div class=\"service-card__right\">\n                                    <img decoding=\"async\" src=\"https:\/\/dened.eu\/wp-content\/uploads\/2022\/05\/DENED-01-page-001.jpg\" alt=\"\" \/>\n                                    <div class=\"service-card__detail\">\n                                                            <h2 class=\"service-card__heading\">\n                    \t<span >\n\t\t\t\t\t\t\tNSG Groenwoud Nijmegen\t\t\t\t\t\t<\/span>\n                    <\/h2>\n                                                            <a href=\"https:\/\/dened.eu\/?portfolio=nsg-groenewoud-nijmegen\" class=\"service-card__link\">\n                      <span >\n\t\t\t\t\t\t\u00dcber das Projekt\t\t\t\t\t  <\/span>\n                      <svg width=\"20\" height=\"20\">\n                        <use xlink:href=\"#chevron-right\"><\/use>\n                      <\/svg>\n                    <\/a>\n                                      <\/div>\n                <\/div>\n              <\/div>\n            <\/div>\n                      <\/section>\n                  <\/div>\n\n\t\t\t\t\t\t<\/div>\n\t\t\t\t<\/div>\n\t\t\t\t\t<\/div>\n\t\t<\/div>\n\t\t\t\t\t<\/div>\n\t\t<\/section>\n\t\t\t\t<\/div>\n\t\t","protected":false},"excerpt":{"rendered":"<p>Schulbauten sind mehr als nur funktionale Bauten. Sie sind ein wichtiger Baustein des Stadtgef\u00fcges und als solcher bilden sie eine unverwechselbare Typologie in der Stadt. Gesamtschule Severinswall K\u00f6ln \u00dcber das Projekt Erichtung einer Mehrzweckhale in nachhaltiger Holzbauweise an der KGS Don-Bosco-Schule, Eschweiler. KGS Don-Bosco-Schule Eschweiler \u00dcber das Projekt Das Theater&#8230; <\/p>\n<div class=\"readmore\"><a href=\"https:\/\/dened.eu\/?page_id=1476\" class=\"btn-link\">Read more<\/a><\/div>\n","protected":false},"author":1,"featured_media":0,"parent":0,"menu_order":0,"comment_status":"closed","ping_status":"closed","template":"elementor_header_footer","meta":{"_monsterinsights_skip_tracking":false,"_monsterinsights_sitenote_active":false,"_monsterinsights_sitenote_note":"","_monsterinsights_sitenote_category":0,"footnotes":""},"class_list":["post-1476","page","type-page","status-publish","hentry"],"acf":[],"_links":{"self":[{"href":"https:\/\/dened.eu\/index.php?rest_route=\/wp\/v2\/pages\/1476","targetHints":{"allow":["GET"]}}],"collection":[{"href":"https:\/\/dened.eu\/index.php?rest_route=\/wp\/v2\/pages"}],"about":[{"href":"https:\/\/dened.eu\/index.php?rest_route=\/wp\/v2\/types\/page"}],"author":[{"embeddable":true,"href":"https:\/\/dened.eu\/index.php?rest_route=\/wp\/v2\/users\/1"}],"replies":[{"embeddable":true,"href":"https:\/\/dened.eu\/index.php?rest_route=%2Fwp%2Fv2%2Fcomments&post=1476"}],"version-history":[{"count":61,"href":"https:\/\/dened.eu\/index.php?rest_route=\/wp\/v2\/pages\/1476\/revisions"}],"predecessor-version":[{"id":2357,"href":"https:\/\/dened.eu\/index.php?rest_route=\/wp\/v2\/pages\/1476\/revisions\/2357"}],"wp:attachment":[{"href":"https:\/\/dened.eu\/index.php?rest_route=%2Fwp%2Fv2%2Fmedia&parent=1476"}],"curies":[{"name":"wp","href":"https:\/\/api.w.org\/{rel}","templated":true}]}}