{"id":1482,"date":"2022-05-10T15:35:48","date_gmt":"2022-05-10T15:35:48","guid":{"rendered":"https:\/\/dened.eu\/?page_id=1482"},"modified":"2025-10-30T10:48:58","modified_gmt":"2025-10-30T10:48:58","slug":"impressum","status":"publish","type":"page","link":"https:\/\/dened.eu\/?page_id=1482","title":{"rendered":"Impressum"},"content":{"rendered":"\t\t<div data-elementor-type=\"wp-page\" data-elementor-id=\"1482\" class=\"elementor elementor-1482\" data-elementor-post-type=\"page\">\n\t\t\t\t\t\t<section class=\"elementor-section elementor-top-section elementor-element elementor-element-311e4d10 elementor-section-boxed elementor-section-height-default elementor-section-height-default\" data-id=\"311e4d10\" data-element_type=\"section\" data-e-type=\"section\">\n\t\t\t\t\t\t<div class=\"elementor-container elementor-column-gap-default\">\n\t\t\t\t\t<div class=\"elementor-column elementor-col-100 elementor-top-column elementor-element elementor-element-242e8a8b\" data-id=\"242e8a8b\" data-element_type=\"column\" data-e-type=\"column\">\n\t\t\t<div class=\"elementor-widget-wrap elementor-element-populated\">\n\t\t\t\t\t\t<div class=\"elementor-element elementor-element-54ab31f elementor-widget elementor-widget-text-editor\" data-id=\"54ab31f\" data-element_type=\"widget\" data-e-type=\"widget\" data-widget_type=\"text-editor.default\">\n\t\t\t\t<div class=\"elementor-widget-container\">\n\t\t\t\t\t\t\t\t\t\n<p><strong>Angaben gem\u00e4\u00df \u00a7 5 TMG:<\/strong><\/p>\n\n<p>DeNed Planungsgesellschaft mbH<\/p>\n<p>Bachstra\u00dfe 22<\/p>\n<p>52066 Aachen<\/p>\n<p>\u00a0<\/p>\n\n<p><strong>Tochtergesellschaft der beiden Firmen:<\/strong><\/p>\n\n<p>mescherowsky architekten GmbH<\/p>\n\n<p>Bachstra\u00dfe 22<\/p>\n\n<p>52066 Aachen<\/p>\n\n<p>und<\/p>\n\n<p>Van den Berg Group<\/p>\n\n<p>Dorpsweg 103<\/p>\n\n<p>8271 BL Ijsselmuiden<\/p>\n\n<p>Niederlande<\/p>\n<p>\u00a0<\/p>\n\n<p><strong>Vertreten durch:<\/strong><\/p>\n\n<p>Dipl.-Ing. Architekt BDA Gregor Mescherowsky<\/p>\n\n<p>Drs. Klaas van den Berg MScBA\u00a0<\/p>\n<p>\u00a0<\/p>\n\n<p><strong>Kontakt:<\/strong><\/p>\n<p><span style=\"text-decoration: underline;\"><em>DeNed Planungsgesellschaft mbH<\/em><\/span><\/p>\n\n<p>Telefon: +49 211 367 955 27<\/p>\n\n<p>Mobil: +49 163 6014252<\/p>\n\n<p>E-Mail: info(at)dened.eu<\/p>\n\n<p>Internet: www.dened.eu<\/p>\n<p><span style=\"text-decoration: underline;\"><em>mescherowsky architekten GmbH<\/em><\/span><\/p>\n\n<p>Telefon: +49 241 47781 0<\/p>\n\n<p>Telefax: +49 241 47781 11<\/p>\n\n<p>E-Mail: info(at)mescherowsky.de<\/p>\n\n<p>Internet: www.mescherowsky.de<\/p>\n<p><span style=\"text-decoration: underline;\"><em>Van den Berg Group<\/em><\/span><\/p>\n\n<p>Telefon: +31 88 600 67 00<\/p>\n\n<p>E-Mail: info(at)vandenberggroep.nl<\/p>\n\n<p>Internet: www.vandenberggroep.nl<\/p>\n<p>\u00a0<\/p>\n\n<p><strong>Registereintrag:<\/strong><\/p>\n\n<p>DeNed Planungsgesellschaft mbH ist eine Gesellschaft mit beschr\u00e4nkter Haftung nach dem GmbH-Gesetz\u00a0<\/p>\n\n<p>Registergericht: Amtsgericht Aachen\u00a0<\/p>\n\n<p>Registernummer: HRB 27467<\/p>\n<p>\u00a0<\/p>\n\n<p><strong>Umsatzsteuer-ID:<\/strong><\/p>\n\n<p>Umsatzsteuer-Identifikationsnummer gem\u00e4\u00df \u00a727 a Umsatzsteuergesetz:<\/p>\n\n<p>DE 290 782 086<\/p>\n\n<p>\u00a0<\/p>\n<p><strong>Aufsichtsbeh\u00f6rde:<\/strong><\/p>\n\n<p>Berufsbezeichnung: Dipl.-Ing.<\/p>\n\n<p>zust\u00e4ndige Kammer: Architektenkammer NRW<\/p>\n\n<p>Verliehen durch: Bundesrepublik Deutschland<\/p>\n\n<p>Bundesland: Berlin<\/p>\n\n<p>Es gelten folgende berufsrechtliche Regelungen:<\/p>\n\n<p>Regelungen einsehbar unter: http:\/\/www.aknw.de\/<\/p>\n\n<p>\u00a0<\/p>\n<p><strong>Angaben zur Berufshaftpflichtversicherung:<\/strong><\/p>\n\n<p>Name und Sitz der Gesellschaft:<\/p>\n\n<p>HDI Versicherung AG<\/p>\n\n<p>Neumarkt 15<\/p>\n\n<p>66117 Saarbr\u00fccken<\/p>\n\n<p>\u00a0<\/p>\n<p><strong>Geltungsraum der Versicherung:<\/strong><\/p>\n\n<p>Deutschland<\/p>\n\n<p>Haftungsausschluss (Disclaimer)<\/p>\n\n<p>Haftung f\u00fcr Inhalte<\/p>\n\n<p>Als Diensteanbieter sind wir gem\u00e4\u00df \u00a7 7 Abs.1 TMG f\u00fcr eigene Inhalte auf diesen Seiten nach den allgemeinen Gesetzen verantwortlich. Nach \u00a7\u00a7 8 bis 10 TMG sind wir als Diensteanbieter jedoch nicht verpflichtet, \u00fcbermittelte oder gespeicherte fremde Informationen zu \u00fcberwachen oder nach Umst\u00e4nden zu forschen, die auf eine rechtswidrige T\u00e4tigkeit hinweisen.<\/p>\n\n<p>Verpflichtungen zur Entfernung oder Sperrung der Nutzung von Informationen nach den allgemeinen Gesetzen bleiben hiervon unber\u00fchrt. Eine diesbez\u00fcgliche Haftung ist jedoch erst ab dem Zeitpunkt der Kenntnis einer konkreten Rechtsverletzung m\u00f6glich. Bei Bekanntwerden von entsprechenden Rechtsverletzungen werden wir diese Inhalte umgehend entfernen.<\/p>\n\n<p>\u00a0<\/p>\n<p><strong>Haftung f\u00fcr Links<\/strong><\/p>\n\n<p>Unser Angebot enth\u00e4lt Links zu externen Webseiten Dritter, auf deren Inhalte wir keinen Einfluss haben. Deshalb k\u00f6nnen wir f\u00fcr diese fremden Inhalte auch keine Gew\u00e4hr \u00fcbernehmen. F\u00fcr die Inhalte der verlinkten Seiten ist stets der jeweilige Anbieter oder Betreiber der Seiten verantwortlich. Die verlinkten Seiten wurden zum Zeitpunkt der Verlinkung auf m\u00f6gliche Rechtsverst\u00f6\u00dfe \u00fcberpr\u00fcft. Rechtswidrige Inhalte waren zum Zeitpunkt der Verlinkung nicht erkennbar.<\/p>\n\n<p>Eine permanente inhaltliche Kontrolle der verlinkten Seiten ist jedoch ohne konkrete Anhaltspunkte einer Rechtsverletzung nicht zumutbar. Bei Bekanntwerden von Rechtsverletzungen werden wir derartige Links umgehend entfernen.<\/p>\n\n<p>\u00a0<\/p>\n<p><strong>Urheberrecht<\/strong><\/p>\n\n<p>Die durch die Seitenbetreiber erstellten Inhalte und Werke auf diesen Seiten unterliegen dem deutschen Urheberrecht. Die Vervielf\u00e4ltigung, Bearbeitung, Verbreitung und jede Art der Verwertung au\u00dferhalb der Grenzen des Urheberrechtes bed\u00fcrfen der schriftlichen Zustimmung des jeweiligen Autors bzw. Erstellers. Downloads und Kopien dieser Seite sind nur f\u00fcr den privaten, nicht kommerziellen Gebrauch gestattet.<\/p>\n\n<p>Soweit die Inhalte auf dieser Seite nicht vom Betreiber erstellt wurden, werden die Urheberrechte Dritter beachtet. Insbesondere werden Inhalte Dritter als solche gekennzeichnet. Sollten Sie trotzdem auf eine Urheberrechtsverletzung aufmerksam werden, bitten wir um einen entsprechenden Hinweis. Bei Bekanntwerden von Rechtsverletzungen werden wir derartige Inhalte umgehend entfernen.<\/p>\n\t\t\t\t\t\t\t\t<\/div>\n\t\t\t\t<\/div>\n\t\t\t\t\t<\/div>\n\t\t<\/div>\n\t\t\t\t\t<\/div>\n\t\t<\/section>\n\t\t\t\t<\/div>\n\t\t","protected":false},"excerpt":{"rendered":"<p>Angaben gem\u00e4\u00df \u00a7 5 TMG: DeNed Planungsgesellschaft mbH Bachstra\u00dfe 22 52066 Aachen \u00a0 Tochtergesellschaft der beiden Firmen: mescherowsky architekten GmbH Bachstra\u00dfe 22 52066 Aachen und Van den Berg Group Dorpsweg 103 8271 BL Ijsselmuiden Niederlande \u00a0 Vertreten durch: Dipl.-Ing. Architekt BDA Gregor Mescherowsky Drs. Klaas van den Berg MScBA\u00a0 \u00a0&#8230; <\/p>\n<div class=\"readmore\"><a href=\"https:\/\/dened.eu\/?page_id=1482\" class=\"btn-link\">Read more<\/a><\/div>\n","protected":false},"author":1,"featured_media":0,"parent":0,"menu_order":0,"comment_status":"closed","ping_status":"closed","template":"elementor_header_footer","meta":{"_monsterinsights_skip_tracking":false,"_monsterinsights_sitenote_active":false,"_monsterinsights_sitenote_note":"","_monsterinsights_sitenote_category":0,"footnotes":""},"class_list":["post-1482","page","type-page","status-publish","hentry"],"acf":[],"_links":{"self":[{"href":"https:\/\/dened.eu\/index.php?rest_route=\/wp\/v2\/pages\/1482","targetHints":{"allow":["GET"]}}],"collection":[{"href":"https:\/\/dened.eu\/index.php?rest_route=\/wp\/v2\/pages"}],"about":[{"href":"https:\/\/dened.eu\/index.php?rest_route=\/wp\/v2\/types\/page"}],"author":[{"embeddable":true,"href":"https:\/\/dened.eu\/index.php?rest_route=\/wp\/v2\/users\/1"}],"replies":[{"embeddable":true,"href":"https:\/\/dened.eu\/index.php?rest_route=%2Fwp%2Fv2%2Fcomments&post=1482"}],"version-history":[{"count":20,"href":"https:\/\/dened.eu\/index.php?rest_route=\/wp\/v2\/pages\/1482\/revisions"}],"predecessor-version":[{"id":2400,"href":"https:\/\/dened.eu\/index.php?rest_route=\/wp\/v2\/pages\/1482\/revisions\/2400"}],"wp:attachment":[{"href":"https:\/\/dened.eu\/index.php?rest_route=%2Fwp%2Fv2%2Fmedia&parent=1482"}],"curies":[{"name":"wp","href":"https:\/\/api.w.org\/{rel}","templated":true}]}}