{"id":1930,"date":"2022-05-20T10:18:30","date_gmt":"2022-05-20T10:18:30","guid":{"rendered":"https:\/\/dened.eu\/?page_id=1930"},"modified":"2022-06-06T16:35:05","modified_gmt":"2022-06-06T16:35:05","slug":"bim-management","status":"publish","type":"page","link":"https:\/\/dened.eu\/?page_id=1930","title":{"rendered":"BIM-Management"},"content":{"rendered":"\t\t<div data-elementor-type=\"wp-page\" data-elementor-id=\"1930\" class=\"elementor elementor-1930\" data-elementor-post-type=\"page\">\n\t\t\t\t\t\t<section class=\"elementor-section elementor-top-section elementor-element elementor-element-0a2eeac elementor-section-full_width elementor-section-height-default elementor-section-height-default\" data-id=\"0a2eeac\" data-element_type=\"section\" data-e-type=\"section\" data-settings=\"{&quot;background_background&quot;:&quot;classic&quot;}\">\n\t\t\t\t\t\t\t<div class=\"elementor-background-overlay\"><\/div>\n\t\t\t\t\t\t\t<div class=\"elementor-container elementor-column-gap-no\">\n\t\t\t\t\t<div class=\"elementor-column elementor-col-100 elementor-top-column elementor-element elementor-element-ee55b4e\" data-id=\"ee55b4e\" data-element_type=\"column\" data-e-type=\"column\">\n\t\t\t<div class=\"elementor-widget-wrap elementor-element-populated\">\n\t\t\t\t\t\t<div class=\"elementor-element elementor-element-ea6dab9 elementor-widget elementor-widget-larson-intro\" data-id=\"ea6dab9\" data-element_type=\"widget\" data-e-type=\"widget\" data-widget_type=\"larson-intro.default\">\n\t\t\t\t<div class=\"elementor-widget-container\">\n\t\t\t\t\t\n\t\t<article class=\"article\">\n\t        <header class=\"article__header\">\n\t          <div class=\"container\">\n\t            \t            <h1 class=\"article__heading heading heading--size-large\">\n\t            \t<span >\n\t\t\t\t\t\tBIM-Management\t\t\t\t\t<\/span>\n\t            <\/h1>\n\t            \t            \t          <\/div>\n\t        <\/header>\n\t        \t    <\/article>\n\n\t\t\t\t\t\t<\/div>\n\t\t\t\t<\/div>\n\t\t\t\t\t<\/div>\n\t\t<\/div>\n\t\t\t\t\t<\/div>\n\t\t<\/section>\n\t\t\t\t<section class=\"elementor-section elementor-top-section elementor-element elementor-element-0fffd04 elementor-section-full_width elementor-section-height-default elementor-section-height-default\" data-id=\"0fffd04\" data-element_type=\"section\" data-e-type=\"section\">\n\t\t\t\t\t\t<div class=\"elementor-container elementor-column-gap-no\">\n\t\t\t\t\t<div class=\"elementor-column elementor-col-100 elementor-top-column elementor-element elementor-element-6bb6c8c\" data-id=\"6bb6c8c\" data-element_type=\"column\" data-e-type=\"column\">\n\t\t\t<div class=\"elementor-widget-wrap elementor-element-populated\">\n\t\t\t\t\t\t<div class=\"elementor-element elementor-element-9f470da elementor-widget elementor-widget-larson-service-description\" data-id=\"9f470da\" data-element_type=\"widget\" data-e-type=\"widget\" data-widget_type=\"larson-service-description.default\">\n\t\t\t\t<div class=\"elementor-widget-container\">\n\t\t\t\t\t\n\t\t\t\t<div class=\"article__main article__main--width-small container\">\n          <div class=\"single-service-block\">\n          \t<div >\n\t\t\t\t<h2>Die Anwendung der BIM-Methode bringt zus\u00e4tzliche Prozesse mit sich.<\/h2><p>Zu diesen Prozessen geh\u00f6ren z.B.:<\/p><ul><li>Entwickeln des BIM-Abwicklungsplans (BAP);<\/li><li>Abstimmen des BAP mit allen Projektbeteiligten;<\/li><li>Schulung der Beteiligten in der Anwendung von BAP und CDE;<\/li><li>Zusammenf\u00fchren des Gesamtmodells;<\/li><li>Moderierte und koordinierte Planungsbesprechung am Modell;<\/li><li>Sicherstellung des konsistenten Umgangs mit dem modellbasierten Arbeiten und dessen Ableitung in weitere Dokumente;<\/li><li>Qualit\u00e4tssicherung;<\/li><li>Terminkoordination;<\/li><li>Reviewtermin zur \u00dcberpr\u00fcfung der Zusammenarbeit;<\/li><li>Prozess zur Optimierung der Abl\u00e4ufe und der Zusammenarbeit;<\/li><li>Evaluierung und Optimierung der BIM-IT-Abl\u00e4ufe;<\/li><li>Koordination und \u00dcbergabe vom As-Built Model zum CAFM-System<\/li><\/ul><p><strong>Die Organisation des gesamten Prozesses f\u00fchrt der BIM-Manager und ist\u00a0dabei Ihr Ansprechpartner.<\/strong><\/p><p>\u00a0<\/p><h2>Aufgaben der BIM-Manager:<\/h2><p>Die Interaktion zwischen den verschiedenen Modellen der Planungsbeteiligten ist so komplex, dass nur eine strikt geregelte Bearbeitung der Modelle durch die strikte Einhaltung der vereinbarten Regelprozesse sichergestellt werden kann, dass die Anwendungsf\u00e4lle erfolgreich durchgef\u00fchrt werden k\u00f6nnen.<\/p><p>Der BIM-Manager ist ein Projektmitglied, der im Zuge der Projektmanagementprozesses die Auftraggeber-Informationsanforderungen (AIA) zusammenstellt sowie die BIM-Ziele und BIM-Anwendungen definiert.<\/p><p>Er ist f\u00fcr die organisatorischen Aufgaben zur Definition, Umsetzung, Einhaltung und Dokumentation der BIM-Prozesse zust\u00e4ndig.<\/p><p>Auf operativer Ebene stimmt der BIM-Manager die Aufgaben, Prozesse, und Termine mit dem BIM-Koordinator der Auftragnehmerseite ab.<\/p>\t\t\t<\/div>\n\t\t  <\/div>\n\t\t<\/div>\n\t\t\n\t\t\t\t\t\t<\/div>\n\t\t\t\t<\/div>\n\t\t\t\t\t<\/div>\n\t\t<\/div>\n\t\t\t\t\t<\/div>\n\t\t<\/section>\n\t\t\t\t<\/div>\n\t\t","protected":false},"excerpt":{"rendered":"<p>BIM-Management Die Anwendung der BIM-Methode bringt zus\u00e4tzliche Prozesse mit sich. Zu diesen Prozessen geh\u00f6ren z.B.: Entwickeln des BIM-Abwicklungsplans (BAP); Abstimmen des BAP mit allen Projektbeteiligten; Schulung der Beteiligten in der Anwendung von BAP und CDE; Zusammenf\u00fchren des Gesamtmodells; Moderierte und koordinierte Planungsbesprechung am Modell; Sicherstellung des konsistenten Umgangs mit dem&#8230; <\/p>\n<div class=\"readmore\"><a href=\"https:\/\/dened.eu\/?page_id=1930\" class=\"btn-link\">Read more<\/a><\/div>\n","protected":false},"author":1,"featured_media":0,"parent":0,"menu_order":0,"comment_status":"closed","ping_status":"closed","template":"elementor_header_footer","meta":{"_monsterinsights_skip_tracking":false,"_monsterinsights_sitenote_active":false,"_monsterinsights_sitenote_note":"","_monsterinsights_sitenote_category":0,"footnotes":""},"class_list":["post-1930","page","type-page","status-publish","hentry"],"acf":[],"_links":{"self":[{"href":"https:\/\/dened.eu\/index.php?rest_route=\/wp\/v2\/pages\/1930","targetHints":{"allow":["GET"]}}],"collection":[{"href":"https:\/\/dened.eu\/index.php?rest_route=\/wp\/v2\/pages"}],"about":[{"href":"https:\/\/dened.eu\/index.php?rest_route=\/wp\/v2\/types\/page"}],"author":[{"embeddable":true,"href":"https:\/\/dened.eu\/index.php?rest_route=\/wp\/v2\/users\/1"}],"replies":[{"embeddable":true,"href":"https:\/\/dened.eu\/index.php?rest_route=%2Fwp%2Fv2%2Fcomments&post=1930"}],"version-history":[{"count":10,"href":"https:\/\/dened.eu\/index.php?rest_route=\/wp\/v2\/pages\/1930\/revisions"}],"predecessor-version":[{"id":2087,"href":"https:\/\/dened.eu\/index.php?rest_route=\/wp\/v2\/pages\/1930\/revisions\/2087"}],"wp:attachment":[{"href":"https:\/\/dened.eu\/index.php?rest_route=%2Fwp%2Fv2%2Fmedia&parent=1930"}],"curies":[{"name":"wp","href":"https:\/\/api.w.org\/{rel}","templated":true}]}}