{"id":1933,"date":"2022-05-20T10:18:30","date_gmt":"2022-05-20T10:18:30","guid":{"rendered":"https:\/\/dened.eu\/?page_id=1933"},"modified":"2022-06-06T16:44:06","modified_gmt":"2022-06-06T16:44:06","slug":"cafm-ueberfuehrung","status":"publish","type":"page","link":"https:\/\/dened.eu\/?page_id=1933","title":{"rendered":"CAFM-\u00dcberf\u00fchrung"},"content":{"rendered":"\t\t<div data-elementor-type=\"wp-page\" data-elementor-id=\"1933\" class=\"elementor elementor-1933\" data-elementor-post-type=\"page\">\n\t\t\t\t\t\t<section class=\"elementor-section elementor-top-section elementor-element elementor-element-0a2eeac elementor-section-full_width elementor-section-height-default elementor-section-height-default\" data-id=\"0a2eeac\" data-element_type=\"section\" data-e-type=\"section\" data-settings=\"{&quot;background_background&quot;:&quot;classic&quot;}\">\n\t\t\t\t\t\t\t<div class=\"elementor-background-overlay\"><\/div>\n\t\t\t\t\t\t\t<div class=\"elementor-container elementor-column-gap-no\">\n\t\t\t\t\t<div class=\"elementor-column elementor-col-100 elementor-top-column elementor-element elementor-element-ee55b4e\" data-id=\"ee55b4e\" data-element_type=\"column\" data-e-type=\"column\">\n\t\t\t<div class=\"elementor-widget-wrap elementor-element-populated\">\n\t\t\t\t\t\t<div class=\"elementor-element elementor-element-ea6dab9 elementor-widget elementor-widget-larson-intro\" data-id=\"ea6dab9\" data-element_type=\"widget\" data-e-type=\"widget\" data-widget_type=\"larson-intro.default\">\n\t\t\t\t<div class=\"elementor-widget-container\">\n\t\t\t\t\t\n\t\t<article class=\"article\">\n\t        <header class=\"article__header\">\n\t          <div class=\"container\">\n\t            \t            <h1 class=\"article__heading heading heading--size-large\">\n\t            \t<span >\n\t\t\t\t\t\tCAFM-\u00dcberf\u00fchrung\t\t\t\t\t<\/span>\n\t            <\/h1>\n\t            \t            \t          <\/div>\n\t        <\/header>\n\t        \t    <\/article>\n\n\t\t\t\t\t\t<\/div>\n\t\t\t\t<\/div>\n\t\t\t\t\t<\/div>\n\t\t<\/div>\n\t\t\t\t\t<\/div>\n\t\t<\/section>\n\t\t\t\t<section class=\"elementor-section elementor-top-section elementor-element elementor-element-0fffd04 elementor-section-full_width elementor-section-height-default elementor-section-height-default\" data-id=\"0fffd04\" data-element_type=\"section\" data-e-type=\"section\">\n\t\t\t\t\t\t<div class=\"elementor-container elementor-column-gap-no\">\n\t\t\t\t\t<div class=\"elementor-column elementor-col-100 elementor-top-column elementor-element elementor-element-6bb6c8c\" data-id=\"6bb6c8c\" data-element_type=\"column\" data-e-type=\"column\">\n\t\t\t<div class=\"elementor-widget-wrap elementor-element-populated\">\n\t\t\t\t\t\t<div class=\"elementor-element elementor-element-9f470da elementor-widget elementor-widget-larson-service-description\" data-id=\"9f470da\" data-element_type=\"widget\" data-e-type=\"widget\" data-widget_type=\"larson-service-description.default\">\n\t\t\t\t<div class=\"elementor-widget-container\">\n\t\t\t\t\t\n\t\t\t\t<div class=\"article__main article__main--width-small container\">\n          <div class=\"single-service-block\">\n          \t<div >\n\t\t\t\t<h2>Was ist CAFM?<\/h2><p>Computer-Aided Facility Management (CAFM) ist die Unterst\u00fctzung des Facilitymanagements durch den Einsatz einer Software. Diese Software ist vor allem auf die Bereitstellung von Informationen \u00fcber die Immobilie und die Unterst\u00fctzung von Arbeitsprozessen ausgelegt.<\/p><p><img fetchpriority=\"high\" decoding=\"async\" class=\"aligncenter wp-image-1585 size-large\" src=\"https:\/\/dened.eu\/wp-content\/uploads\/2022\/05\/section_totaal-1024x683.jpg\" alt=\"\" width=\"900\" height=\"600\" srcset=\"https:\/\/dened.eu\/wp-content\/uploads\/2022\/05\/section_totaal-1024x683.jpg 1024w, https:\/\/dened.eu\/wp-content\/uploads\/2022\/05\/section_totaal-300x200.jpg 300w, https:\/\/dened.eu\/wp-content\/uploads\/2022\/05\/section_totaal-768x512.jpg 768w, https:\/\/dened.eu\/wp-content\/uploads\/2022\/05\/section_totaal-900x600.jpg 900w, https:\/\/dened.eu\/wp-content\/uploads\/2022\/05\/section_totaal-1200x800.jpg 1200w, https:\/\/dened.eu\/wp-content\/uploads\/2022\/05\/section_totaal.jpg 1500w\" sizes=\"(max-width: 900px) 100vw, 900px\" \/><\/p><h2>\u00a0<\/h2><h2>Wie kann DeNed Sie dabei unterst\u00fctzen?<\/h2><p>Wir helfen Ihnen bei der \u00dcberf\u00fchrung Ihres neu geplanten und neu gebauten Objektes in die CAFM Software.<\/p><ul><li>BIM-Modell ist nicht gleich CAFM-Modell<\/li><li>Fr\u00fchzeitige Beratung im Prozess f\u00fcr alle FM-relevanten Anforderungen im Projekt<\/li><li>Fr\u00fche Festlegung der CAFM-Strategie und der zu unterst\u00fctzenden FM-Prozesse<\/li><li>Festlegung von Datenstrukturen im Rahmen der Analyse der <br \/>FM-Anforderungserfassung<\/li><li>Schnittstellen\/Definitionen zu FM\/CAFM<\/li><\/ul>\t\t\t<\/div>\n\t\t  <\/div>\n\t\t<\/div>\n\t\t\n\t\t\t\t\t\t<\/div>\n\t\t\t\t<\/div>\n\t\t\t\t\t<\/div>\n\t\t<\/div>\n\t\t\t\t\t<\/div>\n\t\t<\/section>\n\t\t\t\t<\/div>\n\t\t","protected":false},"excerpt":{"rendered":"<p>CAFM-\u00dcberf\u00fchrung Was ist CAFM? Computer-Aided Facility Management (CAFM) ist die Unterst\u00fctzung des Facilitymanagements durch den Einsatz einer Software. Diese Software ist vor allem auf die Bereitstellung von Informationen \u00fcber die Immobilie und die Unterst\u00fctzung von Arbeitsprozessen ausgelegt. \u00a0 Wie kann DeNed Sie dabei unterst\u00fctzen? Wir helfen Ihnen bei der \u00dcberf\u00fchrung&#8230; <\/p>\n<div class=\"readmore\"><a href=\"https:\/\/dened.eu\/?page_id=1933\" class=\"btn-link\">Read more<\/a><\/div>\n","protected":false},"author":1,"featured_media":0,"parent":0,"menu_order":0,"comment_status":"closed","ping_status":"closed","template":"elementor_header_footer","meta":{"_monsterinsights_skip_tracking":false,"_monsterinsights_sitenote_active":false,"_monsterinsights_sitenote_note":"","_monsterinsights_sitenote_category":0,"footnotes":""},"class_list":["post-1933","page","type-page","status-publish","hentry"],"acf":[],"_links":{"self":[{"href":"https:\/\/dened.eu\/index.php?rest_route=\/wp\/v2\/pages\/1933","targetHints":{"allow":["GET"]}}],"collection":[{"href":"https:\/\/dened.eu\/index.php?rest_route=\/wp\/v2\/pages"}],"about":[{"href":"https:\/\/dened.eu\/index.php?rest_route=\/wp\/v2\/types\/page"}],"author":[{"embeddable":true,"href":"https:\/\/dened.eu\/index.php?rest_route=\/wp\/v2\/users\/1"}],"replies":[{"embeddable":true,"href":"https:\/\/dened.eu\/index.php?rest_route=%2Fwp%2Fv2%2Fcomments&post=1933"}],"version-history":[{"count":10,"href":"https:\/\/dened.eu\/index.php?rest_route=\/wp\/v2\/pages\/1933\/revisions"}],"predecessor-version":[{"id":2099,"href":"https:\/\/dened.eu\/index.php?rest_route=\/wp\/v2\/pages\/1933\/revisions\/2099"}],"wp:attachment":[{"href":"https:\/\/dened.eu\/index.php?rest_route=%2Fwp%2Fv2%2Fmedia&parent=1933"}],"curies":[{"name":"wp","href":"https:\/\/api.w.org\/{rel}","templated":true}]}}